{"id":120,"date":"2022-04-22T08:13:31","date_gmt":"2022-04-22T08:13:31","guid":{"rendered":"http:\/\/keletinvestmentkft.hu\/?page_id=120"},"modified":"2023-02-28T11:41:27","modified_gmt":"2023-02-28T11:41:27","slug":"palyazat","status":"publish","type":"page","link":"https:\/\/keletinvestmentkft.hu\/?page_id=120","title":{"rendered":"P\u00e1ly\u00e1zat"},"content":{"rendered":"\n<figure class=\"wp-block-image size-large is-resized\"><img decoding=\"async\" loading=\"lazy\" src=\"http:\/\/keletinvestmentkft.hu\/wp-content\/uploads\/2022\/04\/tajekoztato-tabla-1024x615.jpg\" alt=\"\" class=\"wp-image-126\" width=\"512\" height=\"308\" srcset=\"https:\/\/keletinvestmentkft.hu\/wp-content\/uploads\/2022\/04\/tajekoztato-tabla-1024x615.jpg 1024w, https:\/\/keletinvestmentkft.hu\/wp-content\/uploads\/2022\/04\/tajekoztato-tabla-300x180.jpg 300w, https:\/\/keletinvestmentkft.hu\/wp-content\/uploads\/2022\/04\/tajekoztato-tabla-768x461.jpg 768w, https:\/\/keletinvestmentkft.hu\/wp-content\/uploads\/2022\/04\/tajekoztato-tabla-1536x923.jpg 1536w, https:\/\/keletinvestmentkft.hu\/wp-content\/uploads\/2022\/04\/tajekoztato-tabla-2048x1230.jpg 2048w, https:\/\/keletinvestmentkft.hu\/wp-content\/uploads\/2022\/04\/tajekoztato-tabla-333x200.jpg 333w\" sizes=\"(max-width: 512px) 100vw, 512px\" \/><\/figure>\n\n\n\n<p>A Gazdas\u00e1gfejleszt\u00e9si \u00e9s Innov\u00e1ci\u00f3s Operat\u00edv Program Plusz keret\u00e9ben elnyert t\u00e1mogat\u00e1ssal val\u00f3sult meg a KELET-INVESTMENT Kft. telephely fejleszt\u00e9se<\/p>\n\n\n\n<p><strong>A kedvezm\u00e9nyezett neve:<\/strong> KELET-INVESTMENT Korl\u00e1tolt Felel\u0151ss\u00e9g\u0171 T\u00e1rsas\u00e1g<br><strong>A fejleszt\u00e9s t\u00e1rgya:<\/strong> Anyagmozgat\u00f3g\u00e9p beszerz\u00e9se \u00e9s t\u00e1rol\u00f3csarnok \u00e9p\u00edt\u00e9se<br><strong>A projekt azonos\u00edt\u00f3 sz\u00e1ma:<\/strong> GINOP_PLUSZ-1.2.3-21-2022-01822<br><strong>T\u00e1mogat\u00e1s \u00f6sszege:<\/strong> 119.775.723,- Ft<br><strong>Befejez\u00e9si hat\u00e1rid\u0151: <\/strong>2023.02.08.<br><strong>A projekt tartalma:<\/strong><\/p>\n\n\n\n<ul>\n<li>A projekt keret\u00e9ben megval\u00f3s\u00edt\u00e1sra ker\u00fclt egy h\u0151szivatty\u00fa \u00e9s napkollektor energia r\u00e1seg\u00edt\u00e9s\u0171 brutt\u00f3 817,75 m 2 alapter\u00fclet\u0171 rakt\u00e1rcsarnok<\/li>\n\n\n\n<li>1 db JCB 4CX Pro AEC t\u00edpus\u00fa kotr\u00f3-rakod\u00f3 g\u00e9p<\/li>\n\n\n\n<li>1 db Palfinger-Epsilon M110Z77 t\u00edpus\u00fa daru<\/li>\n\n\n\n<li>1 db Palfinger- Palfit PH T20 SLD5 t\u00edpus\u00fa kont\u00e9neremel\u0151<\/li>\n\n\n\n<li>A munkafolyamatok szervez\u00e9s\u00e9hez sz\u00fcks\u00e9ges felh\u0151alap\u00fa szoftver beszerz\u00e9se \u00e9s haszn\u00e1lat\u00e1nak oktat\u00e1sa.<\/li>\n<\/ul>\n\n\n\n<p><\/p>\n","protected":false},"excerpt":{"rendered":"<p>A Gazdas\u00e1gfejleszt\u00e9si \u00e9s Innov\u00e1ci\u00f3s Operat\u00edv Program Plusz keret\u00e9ben elnyert t\u00e1mogat\u00e1ssal val\u00f3sult meg a KELET-INVESTMENT Kft. telephely fejleszt\u00e9se A kedvezm\u00e9nyezett neve: KELET-INVESTMENT Korl\u00e1tolt Felel\u0151ss\u00e9g\u0171 T\u00e1rsas\u00e1gA fejleszt\u00e9s t\u00e1rgya: Anyagmozgat\u00f3g\u00e9p beszerz\u00e9se \u00e9s t\u00e1rol\u00f3csarnok \u00e9p\u00edt\u00e9seA projekt azonos\u00edt\u00f3 sz\u00e1ma: GINOP_PLUSZ-1.2.3-21-2022-01822T\u00e1mogat\u00e1s \u00f6sszege: 119.775.723,- FtBefejez\u00e9si hat\u00e1rid\u0151: 2023.02.08.A projekt tartalma:<\/p>\n","protected":false},"author":1,"featured_media":0,"parent":0,"menu_order":0,"comment_status":"closed","ping_status":"closed","template":"","meta":[],"_links":{"self":[{"href":"https:\/\/keletinvestmentkft.hu\/index.php?rest_route=\/wp\/v2\/pages\/120"}],"collection":[{"href":"https:\/\/keletinvestmentkft.hu\/index.php?rest_route=\/wp\/v2\/pages"}],"about":[{"href":"https:\/\/keletinvestmentkft.hu\/index.php?rest_route=\/wp\/v2\/types\/page"}],"author":[{"embeddable":true,"href":"https:\/\/keletinvestmentkft.hu\/index.php?rest_route=\/wp\/v2\/users\/1"}],"replies":[{"embeddable":true,"href":"https:\/\/keletinvestmentkft.hu\/index.php?rest_route=%2Fwp%2Fv2%2Fcomments&post=120"}],"version-history":[{"count":4,"href":"https:\/\/keletinvestmentkft.hu\/index.php?rest_route=\/wp\/v2\/pages\/120\/revisions"}],"predecessor-version":[{"id":155,"href":"https:\/\/keletinvestmentkft.hu\/index.php?rest_route=\/wp\/v2\/pages\/120\/revisions\/155"}],"wp:attachment":[{"href":"https:\/\/keletinvestmentkft.hu\/index.php?rest_route=%2Fwp%2Fv2%2Fmedia&parent=120"}],"curies":[{"name":"wp","href":"https:\/\/api.w.org\/{rel}","templated":true}]}}