{"id":5,"date":"2021-07-11T08:20:22","date_gmt":"2021-07-11T08:20:22","guid":{"rendered":"http:\/\/keletinvestmentkft.hu\/?page_id=5"},"modified":"2022-01-13T16:35:07","modified_gmt":"2022-01-13T16:35:07","slug":"cegonkrol","status":"publish","type":"page","link":"https:\/\/keletinvestmentkft.hu\/?page_id=5","title":{"rendered":"C\u00e9g\u00fcnkr\u0151l"},"content":{"rendered":"\n<p class=\"has-text-align-center has-large-font-size\">C\u00e9g\u00fcnk profilja:<br>Teljes k\u00f6r\u0171 \u00e9p\u00edt\u0151ipari gener\u00e1lkivitelez\u00e9s<\/p>\n\n\n\n<div class=\"wp-block-columns is-layout-flex wp-container-3\">\n<div class=\"wp-block-column is-layout-flow\">\n<ul style=\"font-size:18px\"><li>Alapoz\u00e1si \u00e9s f\u00f6ldmunk\u00e1k<\/li><li>Zsaluz\u00e1si \u00e9s vasbeton szerel\u00e9si munk\u00e1k<\/li><li>K\u0151m\u0171ves munka<\/li><li>\u00c1cs \u2013 tet\u0151fed\u0151 munk\u00e1k<\/li><li>B\u00e1dogos munk\u00e1k<\/li><li>Gipszkartonoz\u00e1si munk\u00e1k<\/li><\/ul>\n<\/div>\n\n\n\n<div class=\"wp-block-column is-layout-flow\">\n<ul style=\"font-size:18px\"><li>Hideg-meleg burkol\u00e1si munk\u00e1k<\/li><li>Fest\u00e9si munk\u00e1k<\/li><li>Lakatosipari munk\u00e1k<\/li><li>\u00c1llv\u00e1nyoz\u00e1s<\/li><li>K\u00fcls\u0151 t\u00e9rburkol\u00e1si munk\u00e1k<\/li><li>Bont\u00e1si munk\u00e1k<\/li><\/ul>\n<\/div>\n<\/div>\n","protected":false},"excerpt":{"rendered":"<p>C\u00e9g\u00fcnk profilja:Teljes k\u00f6r\u0171 \u00e9p\u00edt\u0151ipari gener\u00e1lkivitelez\u00e9s Alapoz\u00e1si \u00e9s f\u00f6ldmunk\u00e1k Zsaluz\u00e1si \u00e9s vasbeton szerel\u00e9si munk\u00e1k K\u0151m\u0171ves munka \u00c1cs \u2013 tet\u0151fed\u0151 munk\u00e1k B\u00e1dogos munk\u00e1k Gipszkartonoz\u00e1si munk\u00e1k Hideg-meleg burkol\u00e1si munk\u00e1k Fest\u00e9si munk\u00e1k Lakatosipari munk\u00e1k \u00c1llv\u00e1nyoz\u00e1s K\u00fcls\u0151 t\u00e9rburkol\u00e1si munk\u00e1k Bont\u00e1si munk\u00e1k<\/p>\n","protected":false},"author":1,"featured_media":0,"parent":0,"menu_order":0,"comment_status":"closed","ping_status":"closed","template":"","meta":[],"_links":{"self":[{"href":"https:\/\/keletinvestmentkft.hu\/index.php?rest_route=\/wp\/v2\/pages\/5"}],"collection":[{"href":"https:\/\/keletinvestmentkft.hu\/index.php?rest_route=\/wp\/v2\/pages"}],"about":[{"href":"https:\/\/keletinvestmentkft.hu\/index.php?rest_route=\/wp\/v2\/types\/page"}],"author":[{"embeddable":true,"href":"https:\/\/keletinvestmentkft.hu\/index.php?rest_route=\/wp\/v2\/users\/1"}],"replies":[{"embeddable":true,"href":"https:\/\/keletinvestmentkft.hu\/index.php?rest_route=%2Fwp%2Fv2%2Fcomments&post=5"}],"version-history":[{"count":8,"href":"https:\/\/keletinvestmentkft.hu\/index.php?rest_route=\/wp\/v2\/pages\/5\/revisions"}],"predecessor-version":[{"id":92,"href":"https:\/\/keletinvestmentkft.hu\/index.php?rest_route=\/wp\/v2\/pages\/5\/revisions\/92"}],"wp:attachment":[{"href":"https:\/\/keletinvestmentkft.hu\/index.php?rest_route=%2Fwp%2Fv2%2Fmedia&parent=5"}],"curies":[{"name":"wp","href":"https:\/\/api.w.org\/{rel}","templated":true}]}}