{"id":9,"date":"2021-07-11T08:22:49","date_gmt":"2021-07-11T08:22:49","guid":{"rendered":"http:\/\/keletinvestmentkft.hu\/?page_id=9"},"modified":"2022-01-18T08:22:03","modified_gmt":"2022-01-18T08:22:03","slug":"kapcsolat","status":"publish","type":"page","link":"https:\/\/keletinvestmentkft.hu\/?page_id=9","title":{"rendered":"Kapcsolat"},"content":{"rendered":"\n<div class=\"wp-block-columns is-layout-flex wp-container-3\">\n<div class=\"wp-block-column is-layout-flow\" style=\"flex-basis:33.33%\">\n<p class=\"has-large-font-size\">Kelet-Investment Kft.<\/p>\n\n\n\n<p style=\"font-size:18px\"><strong>C\u00edm:<\/strong> 4700 M\u00e1t\u00e9szalka,\u00a0Ipari \u00fat 22.<br><strong>Ad\u00f3sz\u00e1m:<\/strong> 27994795-2-15<br><strong>C\u00e9gjegyz\u00e9ksz\u00e1m:<\/strong>\u00a015-09-087574<br><strong>Kapcsolattart\u00f3:<\/strong> T\u00f6r\u00f6k\u00a0Emese<br><strong>Telefon:<\/strong>\u00a0+36 20 222 5656<br><strong>Email:<\/strong>\u00a0<a rel=\"noreferrer noopener\" href=\"mailto:keletinvestmentkft@gmail.com\" target=\"_blank\">keletinvestmentkft@gmail.com<\/a><br><strong>Weboldal:<\/strong>\u00a0<a rel=\"noreferrer noopener\" href=\"http:\/\/www.keletinvestmentkft.hu\/\" target=\"_blank\">www.keletinvestmentkft.hu<\/a><\/p>\n<\/div>\n\n\n\n<div class=\"wp-block-column is-layout-flow\" style=\"flex-basis:66.66%\"><div id=\"wpgmza_map\" class=\"wpgmza_map\" data-settings='{\"id\":\"1\",\"map_title\":\"Kelet-Invetment KFT.\",\"map_width\":\"100\",\"map_height\":\"400\",\"map_start_lat\":\"47.94447321011165\",\"map_start_lng\":\"22.314555687105766\",\"map_start_location\":\"45.950464398418106,-109.81550500000003\",\"map_start_zoom\":\"14\",\"default_marker\":\"\",\"type\":\"0\",\"alignment\":\"4\",\"directions_enabled\":\"0\",\"styling_enabled\":\"0\",\"styling_json\":\"\",\"active\":\"0\",\"kml\":\"\",\"bicycle\":\"0\",\"traffic\":\"0\",\"dbox\":\"0\",\"dbox_width\":\"\",\"listmarkers\":\"0\",\"listmarkers_advanced\":\"0\",\"filterbycat\":\"0\",\"ugm_enabled\":\"0\",\"ugm_category_enabled\":\"0\",\"fusion\":\"\",\"map_width_type\":\"%\",\"map_height_type\":\"px\",\"mass_marker_support\":\"0\",\"ugm_access\":\"0\",\"order_markers_by\":\"0\",\"order_markers_choice\":\"0\",\"show_user_location\":\"0\",\"default_to\":\"\",\"other_settings\":{\"map_type\":1,\"sl_stroke_color\":\"\",\"sl_fill_color\":\"\",\"sl_stroke_opacity\":\"\",\"sl_fill_opacity\":\"\",\"transport_layer\":false,\"action\":\"wpgmza_save_map\",\"redirect_to\":\"\\\/wp-admin\\\/admin-post.php\",\"map_id\":\"1\",\"http_referer\":\"\\\/wp-admin\\\/admin.php?page=wp-google-maps-menu&amp;amp;override=1&amp;amp;action=edit&amp;amp;map_id=1\",\"wpgmza_id\":\"1\",\"wpgmza_start_location\":\"47.94447321011165,22.314555687105766\",\"wpgmza_start_zoom\":\"14\",\"store_locator_enabled\":false,\"store_locator_search_area\":\"radial\",\"wpgmza_store_locator_radius_style\":\"legacy\",\"wpgmza_store_locator_default_radius\":\"10\",\"store_locator_auto_area_max_zoom\":\"\",\"store_locator_distance\":false,\"wpgmza_store_locator_position\":false,\"store_locator_show_distance\":false,\"store_locator_category\":false,\"wpgmza_store_locator_use_their_location\":false,\"wpgmza_store_locator_bounce\":false,\"wpgmza_sl_animation\":null,\"wpgmza_store_locator_hide_before_search\":false,\"store_locator_query_string\":\"\",\"store_locator_default_address\":\"\",\"store_locator_name_search\":false,\"store_locator_name_string\":\"\",\"store_locator_not_found_message\":\"\",\"wpgmza_map_align\":\"1\",\"jump_to_nearest_marker_on_initialization\":false,\"automatically_pan_to_users_location\":false,\"override_users_location_zoom_level\":false,\"override_users_location_zoom_levels\":\"\",\"show_distance_from_location\":false,\"map_max_zoom\":\"21\",\"map_min_zoom\":\"0\",\"click_open_link\":false,\"fit_maps_bounds_to_markers\":false,\"fit_maps_bounds_to_markers_after_filtering\":false,\"hide_point_of_interest\":false,\"wpgmza_zoom_on_marker_click\":false,\"wpgmza_zoom_on_marker_click_slider\":\"\",\"close_infowindow_on_map_click\":false,\"disable_lightbox_images\":false,\"use_Raw_Jpeg_Coordinates\":false,\"polygon_labels\":false,\"disable_polygon_info_windows\":false,\"enable_marker_ratings\":false,\"only_load_markers_within_viewport\":false,\"iw_primary_color\":\"\",\"iw_accent_color\":\"\",\"iw_text_color\":\"\",\"wpgmza_listmarkers_by\":\"0\",\"wpgmza_marker_listing_position\":false,\"datatable_no_result_message\":\"\",\"remove_search_box_datables\":false,\"dataTable_pagination_style\":null,\"datatable_search_string\":\"\",\"datatable_result_start\":\"\",\"datatable_result_of\":\"\",\"datatable_result_to\":\"\",\"datatable_result_total\":\"\",\"datatable_result_show\":\"\",\"datatable_result_entries\":\"\",\"wpgmza_savemap\":\"Save Map \\u00bb\"}}' data-map-id='1' Data-maps-engine='open-layers' data-shortcode-attributes='{\"id\":\"1\"}' style=\"display:block; overflow:auto; width:100%; height:400px; float:left;\"><\/div>\n<\/div>\n<\/div>\n\n\n\n<p><\/p>\n","protected":false},"excerpt":{"rendered":"<p>Kelet-Investment Kft. C\u00edm: 4700 M\u00e1t\u00e9szalka,\u00a0Ipari \u00fat 22.Ad\u00f3sz\u00e1m: 27994795-2-15C\u00e9gjegyz\u00e9ksz\u00e1m:\u00a015-09-087574Kapcsolattart\u00f3: T\u00f6r\u00f6k\u00a0EmeseTelefon:\u00a0+36 20 222 5656Email:\u00a0keletinvestmentkft@gmail.comWeboldal:\u00a0www.keletinvestmentkft.hu<\/p>\n","protected":false},"author":1,"featured_media":0,"parent":0,"menu_order":0,"comment_status":"closed","ping_status":"closed","template":"","meta":[],"_links":{"self":[{"href":"https:\/\/keletinvestmentkft.hu\/index.php?rest_route=\/wp\/v2\/pages\/9"}],"collection":[{"href":"https:\/\/keletinvestmentkft.hu\/index.php?rest_route=\/wp\/v2\/pages"}],"about":[{"href":"https:\/\/keletinvestmentkft.hu\/index.php?rest_route=\/wp\/v2\/types\/page"}],"author":[{"embeddable":true,"href":"https:\/\/keletinvestmentkft.hu\/index.php?rest_route=\/wp\/v2\/users\/1"}],"replies":[{"embeddable":true,"href":"https:\/\/keletinvestmentkft.hu\/index.php?rest_route=%2Fwp%2Fv2%2Fcomments&post=9"}],"version-history":[{"count":8,"href":"https:\/\/keletinvestmentkft.hu\/index.php?rest_route=\/wp\/v2\/pages\/9\/revisions"}],"predecessor-version":[{"id":118,"href":"https:\/\/keletinvestmentkft.hu\/index.php?rest_route=\/wp\/v2\/pages\/9\/revisions\/118"}],"wp:attachment":[{"href":"https:\/\/keletinvestmentkft.hu\/index.php?rest_route=%2Fwp%2Fv2%2Fmedia&parent=9"}],"curies":[{"name":"wp","href":"https:\/\/api.w.org\/{rel}","templated":true}]}}